{"id":119,"date":"2020-02-17T15:03:32","date_gmt":"2020-02-17T20:03:32","guid":{"rendered":"https:\/\/enfoqueeinnovacion.com\/?page_id=119"},"modified":"2020-04-21T19:39:28","modified_gmt":"2020-04-22T00:39:28","slug":"juego-magic-zone","status":"publish","type":"page","link":"https:\/\/enfoqueeinnovacion.com\/?page_id=119","title":{"rendered":"JUEGO MAGIC ZONE"},"content":{"rendered":"\t\t<div data-elementor-type=\"wp-page\" data-elementor-id=\"119\" class=\"elementor elementor-119\">\n\t\t\t\t\t\t<section class=\"has_eae_slider elementor-section elementor-top-section elementor-element elementor-element-72fad57 elementor-section-boxed elementor-section-height-default elementor-section-height-default\" data-id=\"72fad57\" data-element_type=\"section\" data-settings=\"{&quot;background_background&quot;:&quot;classic&quot;}\">\n\t\t\t\t\t\t\t<div class=\"elementor-background-overlay\"><\/div>\n\t\t\t\t\t\t\t<div class=\"elementor-container elementor-column-gap-default\">\n\t\t\t\t\t<div class=\"has_eae_slider elementor-column elementor-col-100 elementor-top-column elementor-element elementor-element-7eb03d4\" data-id=\"7eb03d4\" data-element_type=\"column\">\n\t\t\t<div class=\"elementor-widget-wrap elementor-element-populated\">\n\t\t\t\t\t\t<section class=\"has_eae_slider elementor-section elementor-inner-section elementor-element elementor-element-507374b0 elementor-section-full_width elementor-section-height-default elementor-section-height-default\" data-id=\"507374b0\" data-element_type=\"section\" data-settings=\"{&quot;background_background&quot;:&quot;classic&quot;}\">\n\t\t\t\t\t\t<div class=\"elementor-container elementor-column-gap-default\">\n\t\t\t\t\t<div class=\"has_eae_slider elementor-column elementor-col-33 elementor-inner-column elementor-element elementor-element-6df78c42\" data-id=\"6df78c42\" data-element_type=\"column\">\n\t\t\t<div class=\"elementor-widget-wrap\">\n\t\t\t\t\t\t\t<\/div>\n\t\t<\/div>\n\t\t\t\t<div class=\"has_eae_slider elementor-column elementor-col-33 elementor-inner-column elementor-element elementor-element-6d704a71\" data-id=\"6d704a71\" data-element_type=\"column\">\n\t\t\t<div class=\"elementor-widget-wrap elementor-element-populated\">\n\t\t\t\t\t\t<div class=\"elementor-element elementor-element-197bbec elementor-widget elementor-widget-text-editor\" data-id=\"197bbec\" data-element_type=\"widget\" data-widget_type=\"text-editor.default\">\n\t\t\t\t<div class=\"elementor-widget-container\">\n\t\t\t\t\t\t\t<p style=\"text-align: center;\"><b>MAGIC ZONE<\/b><\/p>\t\t\t\t\t\t<\/div>\n\t\t\t\t<\/div>\n\t\t\t\t<div class=\"elementor-element elementor-element-4d8018ed elementor-widget elementor-widget-text-editor\" data-id=\"4d8018ed\" data-element_type=\"widget\" data-widget_type=\"text-editor.default\">\n\t\t\t\t<div class=\"elementor-widget-container\">\n\t\t\t\t\t\t\t<p style=\"text-align: center;\">El juego que entrena tu creatividad e innovaci\u00f3n<\/p>\t\t\t\t\t\t<\/div>\n\t\t\t\t<\/div>\n\t\t\t\t<div class=\"elementor-element elementor-element-7f86b97 elementor-widget elementor-widget-spacer\" data-id=\"7f86b97\" data-element_type=\"widget\" data-widget_type=\"spacer.default\">\n\t\t\t\t<div class=\"elementor-widget-container\">\n\t\t\t\t\t<div class=\"elementor-spacer\">\n\t\t\t<div class=\"elementor-spacer-inner\"><\/div>\n\t\t<\/div>\n\t\t\t\t<\/div>\n\t\t\t\t<\/div>\n\t\t\t\t<div class=\"elementor-element elementor-element-c32e319 elementor-widget elementor-widget-image\" data-id=\"c32e319\" data-element_type=\"widget\" data-widget_type=\"image.default\">\n\t\t\t\t<div class=\"elementor-widget-container\">\n\t\t\t\t\t\t\t\t\t\t\t\t\t<img fetchpriority=\"high\" decoding=\"async\" width=\"2093\" height=\"126\" src=\"https:\/\/enfoqueeinnovacion.com\/wp-content\/uploads\/2020\/02\/linea-2.png\" class=\"attachment-full size-full wp-image-58\" alt=\"\" srcset=\"https:\/\/enfoqueeinnovacion.com\/wp-content\/uploads\/2020\/02\/linea-2.png 2093w, https:\/\/enfoqueeinnovacion.com\/wp-content\/uploads\/2020\/02\/linea-2-300x18.png 300w, https:\/\/enfoqueeinnovacion.com\/wp-content\/uploads\/2020\/02\/linea-2-600x36.png 600w, https:\/\/enfoqueeinnovacion.com\/wp-content\/uploads\/2020\/02\/linea-2-1024x62.png 1024w, https:\/\/enfoqueeinnovacion.com\/wp-content\/uploads\/2020\/02\/linea-2-768x46.png 768w, https:\/\/enfoqueeinnovacion.com\/wp-content\/uploads\/2020\/02\/linea-2-1536x92.png 1536w, https:\/\/enfoqueeinnovacion.com\/wp-content\/uploads\/2020\/02\/linea-2-2048x123.png 2048w\" sizes=\"(max-width: 2093px) 100vw, 2093px\" \/>\t\t\t\t\t\t\t\t\t\t\t\t\t<\/div>\n\t\t\t\t<\/div>\n\t\t\t\t<div class=\"elementor-element elementor-element-9dc5800 elementor-hidden-tablet elementor-hidden-phone elementor-widget elementor-widget-text-editor\" data-id=\"9dc5800\" data-element_type=\"widget\" data-widget_type=\"text-editor.default\">\n\t\t\t\t<div class=\"elementor-widget-container\">\n\t\t\t\t\t\t\t<p style=\"text-align: center;\">\u201cSi te pones en una posici\u00f3n en la que tienes que salir de tu zona de confort, entonces est\u00e1s obligado a expandir tu conciencia.\u201d<br \/>-Les Brown<\/p>\t\t\t\t\t\t<\/div>\n\t\t\t\t<\/div>\n\t\t\t\t<div class=\"elementor-element elementor-element-88f524b elementor-hidden-desktop elementor-widget elementor-widget-text-editor\" data-id=\"88f524b\" data-element_type=\"widget\" data-widget_type=\"text-editor.default\">\n\t\t\t\t<div class=\"elementor-widget-container\">\n\t\t\t\t\t\t\t<p style=\"text-align: center;\">\u201cSi te pones en una posici\u00f3n en la que tienes que salir de tu zona de confort, entonces est\u00e1s obligado a expandir tu conciencia.\u201d<br \/>-Les Brown<\/p>\t\t\t\t\t\t<\/div>\n\t\t\t\t<\/div>\n\t\t\t\t<div class=\"elementor-element elementor-element-6f684c8 elementor-hidden-phone elementor-widget elementor-widget-spacer\" data-id=\"6f684c8\" data-element_type=\"widget\" data-widget_type=\"spacer.default\">\n\t\t\t\t<div class=\"elementor-widget-container\">\n\t\t\t\t\t<div class=\"elementor-spacer\">\n\t\t\t<div class=\"elementor-spacer-inner\"><\/div>\n\t\t<\/div>\n\t\t\t\t<\/div>\n\t\t\t\t<\/div>\n\t\t\t\t\t<\/div>\n\t\t<\/div>\n\t\t\t\t<div class=\"has_eae_slider elementor-column elementor-col-33 elementor-inner-column elementor-element elementor-element-7a12c3a1 elementor-hidden-phone\" data-id=\"7a12c3a1\" data-element_type=\"column\">\n\t\t\t<div class=\"elementor-widget-wrap\">\n\t\t\t\t\t\t\t<\/div>\n\t\t<\/div>\n\t\t\t\t\t<\/div>\n\t\t<\/section>\n\t\t\t\t\t<\/div>\n\t\t<\/div>\n\t\t\t\t\t<\/div>\n\t\t<\/section>\n\t\t\t\t<section class=\"has_eae_slider elementor-section elementor-top-section elementor-element elementor-element-193c7423 elementor-section-boxed elementor-section-height-default elementor-section-height-default\" data-id=\"193c7423\" data-element_type=\"section\" data-settings=\"{&quot;background_background&quot;:&quot;classic&quot;}\">\n\t\t\t\t\t\t\t<div class=\"elementor-background-overlay\"><\/div>\n\t\t\t\t\t\t\t<div class=\"elementor-container elementor-column-gap-default\">\n\t\t\t\t\t<div class=\"has_eae_slider elementor-column elementor-col-100 elementor-top-column elementor-element elementor-element-32f9f1a4\" data-id=\"32f9f1a4\" data-element_type=\"column\">\n\t\t\t<div class=\"elementor-widget-wrap elementor-element-populated\">\n\t\t\t\t\t\t<div class=\"elementor-element elementor-element-337a1225 elementor-widget elementor-widget-spacer\" data-id=\"337a1225\" data-element_type=\"widget\" data-widget_type=\"spacer.default\">\n\t\t\t\t<div class=\"elementor-widget-container\">\n\t\t\t\t\t<div class=\"elementor-spacer\">\n\t\t\t<div class=\"elementor-spacer-inner\"><\/div>\n\t\t<\/div>\n\t\t\t\t<\/div>\n\t\t\t\t<\/div>\n\t\t\t\t<section class=\"has_eae_slider elementor-section elementor-inner-section elementor-element elementor-element-39981487 elementor-section-boxed elementor-section-height-default elementor-section-height-default\" data-id=\"39981487\" data-element_type=\"section\">\n\t\t\t\t\t\t<div class=\"elementor-container elementor-column-gap-default\">\n\t\t\t\t\t<div class=\"has_eae_slider elementor-column elementor-col-33 elementor-inner-column elementor-element elementor-element-36961dc7 elementor-hidden-phone\" data-id=\"36961dc7\" data-element_type=\"column\">\n\t\t\t<div class=\"elementor-widget-wrap\">\n\t\t\t\t\t\t\t<\/div>\n\t\t<\/div>\n\t\t\t\t<div class=\"has_eae_slider elementor-column elementor-col-33 elementor-inner-column elementor-element elementor-element-2eefec89\" data-id=\"2eefec89\" data-element_type=\"column\">\n\t\t\t<div class=\"elementor-widget-wrap elementor-element-populated\">\n\t\t\t\t\t\t<div class=\"elementor-element elementor-element-1d827b4 elementor-widget elementor-widget-image\" data-id=\"1d827b4\" data-element_type=\"widget\" data-widget_type=\"image.default\">\n\t\t\t\t<div class=\"elementor-widget-container\">\n\t\t\t\t\t\t\t\t\t\t\t\t\t<img decoding=\"async\" width=\"1024\" height=\"62\" src=\"https:\/\/enfoqueeinnovacion.com\/wp-content\/uploads\/2020\/02\/linea-2-1024x62.png\" class=\"attachment-large size-large wp-image-58\" alt=\"\" srcset=\"https:\/\/enfoqueeinnovacion.com\/wp-content\/uploads\/2020\/02\/linea-2-1024x62.png 1024w, https:\/\/enfoqueeinnovacion.com\/wp-content\/uploads\/2020\/02\/linea-2-300x18.png 300w, https:\/\/enfoqueeinnovacion.com\/wp-content\/uploads\/2020\/02\/linea-2-600x36.png 600w, https:\/\/enfoqueeinnovacion.com\/wp-content\/uploads\/2020\/02\/linea-2-768x46.png 768w, https:\/\/enfoqueeinnovacion.com\/wp-content\/uploads\/2020\/02\/linea-2-1536x92.png 1536w, https:\/\/enfoqueeinnovacion.com\/wp-content\/uploads\/2020\/02\/linea-2-2048x123.png 2048w\" sizes=\"(max-width: 1024px) 100vw, 1024px\" \/>\t\t\t\t\t\t\t\t\t\t\t\t\t<\/div>\n\t\t\t\t<\/div>\n\t\t\t\t\t<\/div>\n\t\t<\/div>\n\t\t\t\t<div class=\"has_eae_slider elementor-column elementor-col-33 elementor-inner-column elementor-element elementor-element-79daefab\" data-id=\"79daefab\" data-element_type=\"column\">\n\t\t\t<div class=\"elementor-widget-wrap\">\n\t\t\t\t\t\t\t<\/div>\n\t\t<\/div>\n\t\t\t\t\t<\/div>\n\t\t<\/section>\n\t\t\t\t<div class=\"elementor-element elementor-element-b3a6996 elementor-widget elementor-widget-text-editor\" data-id=\"b3a6996\" data-element_type=\"widget\" data-widget_type=\"text-editor.default\">\n\t\t\t\t<div class=\"elementor-widget-container\">\n\t\t\t\t\t\t\t<p style=\"text-align: center;\"><b>Qu\u00e9<\/b> <b>entendemos<\/b> <b>por<\/b> <b>creatividad<\/b><b>?<\/b><\/p>\t\t\t\t\t\t<\/div>\n\t\t\t\t<\/div>\n\t\t\t\t<div class=\"elementor-element elementor-element-4c0716b elementor-widget elementor-widget-text-editor\" data-id=\"4c0716b\" data-element_type=\"widget\" data-widget_type=\"text-editor.default\">\n\t\t\t\t<div class=\"elementor-widget-container\">\n\t\t\t\t\t\t\t<p>La creatividad es la herramienta que activa el proceso innovador por medio de la generaci\u00f3n y desarrollo de ideas en cualquier entorno.<\/p><p>As\u00ed mismo, es una facultad inherente a las personas, que se puede desarrollar de manera colectiva, y cuya utilizaci\u00f3n constituye una oportunidad para la mejora de la competitividad a nivel personal y Empresarial.<\/p>\t\t\t\t\t\t<\/div>\n\t\t\t\t<\/div>\n\t\t\t\t<div class=\"elementor-element elementor-element-3a60b14 elementor-widget elementor-widget-text-editor\" data-id=\"3a60b14\" data-element_type=\"widget\" data-widget_type=\"text-editor.default\">\n\t\t\t\t<div class=\"elementor-widget-container\">\n\t\t\t\t\t\t\t<p style=\"text-align: center;\"><b>Concepto<\/b><\/p>\t\t\t\t\t\t<\/div>\n\t\t\t\t<\/div>\n\t\t\t\t<div class=\"elementor-element elementor-element-6df49c4 elementor-widget elementor-widget-text-editor\" data-id=\"6df49c4\" data-element_type=\"widget\" data-widget_type=\"text-editor.default\">\n\t\t\t\t<div class=\"elementor-widget-container\">\n\t\t\t\t\t\t\t<p>Magic Zone te invita a un viaje interestelar donde descubrir\u00e1s\u00a0 nuevos territorios para crear y navegar en las zonas y fases del proceso creativo .<\/p><p>Vivir\u00e1s experiencias que te llevar\u00e1n a trascender tu zona de confort y p\u00e1nico, a trav\u00e9s de ejercicios, acertijos, desaf\u00edos y herramientas creativas. Al final de este viaje ampliar\u00e1s tu zona de aprendizaje para que puedas aplicarlas a tu vida personal y profesional de manera m\u00e1s creativa. \u00a1Ese es tu viaje Magic Zone!\u00a0<\/p><p>Mira el video.<\/p>\t\t\t\t\t\t<\/div>\n\t\t\t\t<\/div>\n\t\t\t\t<div class=\"elementor-element elementor-element-1048c068 elementor-widget elementor-widget-video\" data-id=\"1048c068\" data-element_type=\"widget\" data-settings=\"{&quot;youtube_url&quot;:&quot;https:\\\/\\\/www.youtube.com\\\/watch?v=g01j2ilG0z0&amp;feature=youtu.be&quot;,&quot;show_image_overlay&quot;:&quot;yes&quot;,&quot;image_overlay&quot;:{&quot;url&quot;:&quot;https:\\\/\\\/enfoqueeinnovacion.com\\\/wp-content\\\/uploads\\\/2020\\\/02\\\/juego.png&quot;,&quot;id&quot;:85,&quot;size&quot;:&quot;&quot;},&quot;video_type&quot;:&quot;youtube&quot;,&quot;controls&quot;:&quot;yes&quot;}\" data-widget_type=\"video.default\">\n\t\t\t\t<div class=\"elementor-widget-container\">\n\t\t\t\t\t<div class=\"elementor-wrapper elementor-open-inline\">\n\t\t\t<div class=\"elementor-video\"><\/div>\t\t\t\t<div class=\"elementor-custom-embed-image-overlay\" style=\"background-image: url(https:\/\/enfoqueeinnovacion.com\/wp-content\/uploads\/2020\/02\/juego.png);\">\n\t\t\t\t\t\t\t\t\t\t\t\t\t\t\t\t<div class=\"elementor-custom-embed-play\" role=\"button\" aria-label=\"Reproducir v\u00eddeo\" tabindex=\"0\">\n\t\t\t\t\t\t\t<i aria-hidden=\"true\" class=\"eicon-play\"><\/i>\t\t\t\t\t\t\t<span class=\"elementor-screen-only\">Reproducir v\u00eddeo<\/span>\n\t\t\t\t\t\t<\/div>\n\t\t\t\t\t\t\t\t\t<\/div>\n\t\t\t\t\t<\/div>\n\t\t\t\t<\/div>\n\t\t\t\t<\/div>\n\t\t\t\t<div class=\"elementor-element elementor-element-9f22b74 elementor-arrows-position-inside elementor-pagination-position-outside elementor-widget elementor-widget-image-carousel\" data-id=\"9f22b74\" data-element_type=\"widget\" data-settings=\"{&quot;speed&quot;:300,&quot;navigation&quot;:&quot;both&quot;,&quot;autoplay&quot;:&quot;yes&quot;,&quot;pause_on_hover&quot;:&quot;yes&quot;,&quot;pause_on_interaction&quot;:&quot;yes&quot;,&quot;autoplay_speed&quot;:5000,&quot;infinite&quot;:&quot;yes&quot;}\" data-widget_type=\"image-carousel.default\">\n\t\t\t\t<div class=\"elementor-widget-container\">\n\t\t\t\t\t<div class=\"elementor-image-carousel-wrapper swiper\" dir=\"ltr\">\n\t\t\t<div class=\"elementor-image-carousel swiper-wrapper\" aria-live=\"off\">\n\t\t\t\t\t\t\t\t<div class=\"swiper-slide\" role=\"group\" aria-roledescription=\"slide\" aria-label=\"1 de 15\"><figure class=\"swiper-slide-inner\"><img decoding=\"async\" class=\"swiper-slide-image\" src=\"https:\/\/enfoqueeinnovacion.com\/wp-content\/uploads\/2020\/03\/J3-1024x1024.jpg\" alt=\"J3\" \/><\/figure><\/div><div class=\"swiper-slide\" role=\"group\" aria-roledescription=\"slide\" aria-label=\"2 de 15\"><figure class=\"swiper-slide-inner\"><img decoding=\"async\" class=\"swiper-slide-image\" src=\"https:\/\/enfoqueeinnovacion.com\/wp-content\/uploads\/2020\/03\/J2-1024x1024.jpg\" alt=\"J2\" \/><\/figure><\/div><div class=\"swiper-slide\" role=\"group\" aria-roledescription=\"slide\" aria-label=\"3 de 15\"><figure class=\"swiper-slide-inner\"><img decoding=\"async\" class=\"swiper-slide-image\" src=\"https:\/\/enfoqueeinnovacion.com\/wp-content\/uploads\/2020\/03\/J1-1024x1024.jpg\" alt=\"J1\" \/><\/figure><\/div><div class=\"swiper-slide\" role=\"group\" aria-roledescription=\"slide\" aria-label=\"4 de 15\"><figure class=\"swiper-slide-inner\"><img decoding=\"async\" class=\"swiper-slide-image\" src=\"https:\/\/enfoqueeinnovacion.com\/wp-content\/uploads\/2020\/03\/J4-1024x1024.jpg\" alt=\"J4\" \/><\/figure><\/div><div class=\"swiper-slide\" role=\"group\" aria-roledescription=\"slide\" aria-label=\"5 de 15\"><figure class=\"swiper-slide-inner\"><img decoding=\"async\" class=\"swiper-slide-image\" src=\"https:\/\/enfoqueeinnovacion.com\/wp-content\/uploads\/2020\/03\/J5-1024x1024.jpg\" alt=\"J5\" \/><\/figure><\/div><div class=\"swiper-slide\" role=\"group\" aria-roledescription=\"slide\" aria-label=\"6 de 15\"><figure class=\"swiper-slide-inner\"><img decoding=\"async\" class=\"swiper-slide-image\" src=\"https:\/\/enfoqueeinnovacion.com\/wp-content\/uploads\/2020\/03\/J6-1024x1024.jpg\" alt=\"J6\" \/><\/figure><\/div><div class=\"swiper-slide\" role=\"group\" aria-roledescription=\"slide\" aria-label=\"7 de 15\"><figure class=\"swiper-slide-inner\"><img decoding=\"async\" class=\"swiper-slide-image\" src=\"https:\/\/enfoqueeinnovacion.com\/wp-content\/uploads\/2020\/04\/J7-1024x1024.jpg\" alt=\"J7\" \/><\/figure><\/div><div class=\"swiper-slide\" role=\"group\" aria-roledescription=\"slide\" aria-label=\"8 de 15\"><figure class=\"swiper-slide-inner\"><img decoding=\"async\" class=\"swiper-slide-image\" src=\"https:\/\/enfoqueeinnovacion.com\/wp-content\/uploads\/2020\/04\/J8-1024x1024.jpg\" alt=\"J8\" \/><\/figure><\/div><div class=\"swiper-slide\" role=\"group\" aria-roledescription=\"slide\" aria-label=\"9 de 15\"><figure class=\"swiper-slide-inner\"><img decoding=\"async\" class=\"swiper-slide-image\" src=\"https:\/\/enfoqueeinnovacion.com\/wp-content\/uploads\/2020\/04\/J9-1024x1024.jpg\" alt=\"J9\" \/><\/figure><\/div><div class=\"swiper-slide\" role=\"group\" aria-roledescription=\"slide\" aria-label=\"10 de 15\"><figure class=\"swiper-slide-inner\"><img decoding=\"async\" class=\"swiper-slide-image\" src=\"https:\/\/enfoqueeinnovacion.com\/wp-content\/uploads\/2020\/04\/J10-1024x1024.jpg\" alt=\"J10\" \/><\/figure><\/div><div class=\"swiper-slide\" role=\"group\" aria-roledescription=\"slide\" aria-label=\"11 de 15\"><figure class=\"swiper-slide-inner\"><img decoding=\"async\" class=\"swiper-slide-image\" src=\"https:\/\/enfoqueeinnovacion.com\/wp-content\/uploads\/2020\/04\/J11-1024x1024.jpg\" alt=\"J11\" \/><\/figure><\/div><div class=\"swiper-slide\" role=\"group\" aria-roledescription=\"slide\" aria-label=\"12 de 15\"><figure class=\"swiper-slide-inner\"><img decoding=\"async\" class=\"swiper-slide-image\" src=\"https:\/\/enfoqueeinnovacion.com\/wp-content\/uploads\/2020\/04\/J12-1024x1024.jpg\" alt=\"J12\" \/><\/figure><\/div><div class=\"swiper-slide\" role=\"group\" aria-roledescription=\"slide\" aria-label=\"13 de 15\"><figure class=\"swiper-slide-inner\"><img decoding=\"async\" class=\"swiper-slide-image\" src=\"https:\/\/enfoqueeinnovacion.com\/wp-content\/uploads\/2020\/04\/J13-1024x1024.jpg\" alt=\"J13\" \/><\/figure><\/div><div class=\"swiper-slide\" role=\"group\" aria-roledescription=\"slide\" aria-label=\"14 de 15\"><figure class=\"swiper-slide-inner\"><img decoding=\"async\" class=\"swiper-slide-image\" src=\"https:\/\/enfoqueeinnovacion.com\/wp-content\/uploads\/2020\/04\/J14-1024x1024.jpg\" alt=\"J14\" \/><\/figure><\/div><div class=\"swiper-slide\" role=\"group\" aria-roledescription=\"slide\" aria-label=\"15 de 15\"><figure class=\"swiper-slide-inner\"><img decoding=\"async\" class=\"swiper-slide-image\" src=\"https:\/\/enfoqueeinnovacion.com\/wp-content\/uploads\/2020\/04\/J15-1024x1024.jpg\" alt=\"J15\" \/><\/figure><\/div>\t\t\t<\/div>\n\t\t\t\t\t\t\t\t\t\t\t\t<div class=\"elementor-swiper-button elementor-swiper-button-prev\" role=\"button\" tabindex=\"0\">\n\t\t\t\t\t\t<i aria-hidden=\"true\" class=\"eicon-chevron-left\"><\/i>\t\t\t\t\t<\/div>\n\t\t\t\t\t<div class=\"elementor-swiper-button elementor-swiper-button-next\" role=\"button\" tabindex=\"0\">\n\t\t\t\t\t\t<i aria-hidden=\"true\" class=\"eicon-chevron-right\"><\/i>\t\t\t\t\t<\/div>\n\t\t\t\t\n\t\t\t\t\t\t\t\t\t<div class=\"swiper-pagination\"><\/div>\n\t\t\t\t\t\t\t\t\t<\/div>\n\t\t\t\t<\/div>\n\t\t\t\t<\/div>\n\t\t\t\t<div class=\"elementor-element elementor-element-6c3017d0 elementor-widget elementor-widget-spacer\" data-id=\"6c3017d0\" data-element_type=\"widget\" data-widget_type=\"spacer.default\">\n\t\t\t\t<div class=\"elementor-widget-container\">\n\t\t\t\t\t<div class=\"elementor-spacer\">\n\t\t\t<div class=\"elementor-spacer-inner\"><\/div>\n\t\t<\/div>\n\t\t\t\t<\/div>\n\t\t\t\t<\/div>\n\t\t\t\t\t<\/div>\n\t\t<\/div>\n\t\t\t\t\t<\/div>\n\t\t<\/section>\n\t\t\t\t<\/div>\n\t\t","protected":false},"excerpt":{"rendered":"<p>MAGIC ZONE El juego que entrena tu creatividad e innovaci\u00f3n \u201cSi te pones en una posici\u00f3n en la que tienes que salir de tu zona de confort, entonces est\u00e1s obligado a expandir tu conciencia.\u201d-Les Brown \u201cSi te pones en una posici\u00f3n en la que tienes que salir de tu zona de confort, entonces est\u00e1s obligado [&hellip;]<\/p>\n","protected":false},"author":1,"featured_media":0,"parent":0,"menu_order":0,"comment_status":"closed","ping_status":"closed","template":"elementor_header_footer","meta":{"footnotes":""},"class_list":["post-119","page","type-page","status-publish","hentry","entry","owp-thumbs-layout-horizontal","owp-btn-normal","owp-tabs-layout-horizontal","has-no-thumbnails"],"_links":{"self":[{"href":"https:\/\/enfoqueeinnovacion.com\/index.php?rest_route=\/wp\/v2\/pages\/119","targetHints":{"allow":["GET"]}}],"collection":[{"href":"https:\/\/enfoqueeinnovacion.com\/index.php?rest_route=\/wp\/v2\/pages"}],"about":[{"href":"https:\/\/enfoqueeinnovacion.com\/index.php?rest_route=\/wp\/v2\/types\/page"}],"author":[{"embeddable":true,"href":"https:\/\/enfoqueeinnovacion.com\/index.php?rest_route=\/wp\/v2\/users\/1"}],"replies":[{"embeddable":true,"href":"https:\/\/enfoqueeinnovacion.com\/index.php?rest_route=%2Fwp%2Fv2%2Fcomments&post=119"}],"version-history":[{"count":58,"href":"https:\/\/enfoqueeinnovacion.com\/index.php?rest_route=\/wp\/v2\/pages\/119\/revisions"}],"predecessor-version":[{"id":839,"href":"https:\/\/enfoqueeinnovacion.com\/index.php?rest_route=\/wp\/v2\/pages\/119\/revisions\/839"}],"wp:attachment":[{"href":"https:\/\/enfoqueeinnovacion.com\/index.php?rest_route=%2Fwp%2Fv2%2Fmedia&parent=119"}],"curies":[{"name":"wp","href":"https:\/\/api.w.org\/{rel}","templated":true}]}}